{"id":196,"date":"2019-03-16T09:42:22","date_gmt":"2019-03-16T09:42:22","guid":{"rendered":"https:\/\/www.juliomoto.com\/site\/?page_id=196"},"modified":"2022-12-14T17:50:41","modified_gmt":"2022-12-14T17:50:41","slug":"politica-de-privacidade","status":"publish","type":"page","link":"https:\/\/www.juliomoto.com\/site\/?page_id=196","title":{"rendered":"Politica de Privacidade"},"content":{"rendered":"<p>[et_pb_section fb_built=&#8221;1&#8243; _builder_version=&#8221;3.22&#8243;][et_pb_row _builder_version=&#8221;3.25&#8243; background_size=&#8221;initial&#8221; background_position=&#8221;top_left&#8221; background_repeat=&#8221;repeat&#8221; width=&#8221;79.5%&#8221;][et_pb_column type=&#8221;4_4&#8243; _builder_version=&#8221;3.25&#8243; custom_padding=&#8221;|||&#8221; custom_padding__hover=&#8221;|||&#8221;][et_pb_text _builder_version=&#8221;4.6.1&#8243; hover_enabled=&#8221;0&#8243; sticky_enabled=&#8221;0&#8243;]<\/p>\n<h1 style=\"text-align: justify;\">Pol\u00edtica de Privacidade e Prote\u00e7\u00e3o de Dados<\/h1>\n<p style=\"text-align: justify;\">Este documento serve para conter as normas aplicadas ao tratamento e recolha de dados pessoais por <b>juliomoto.com<\/b>. Serve de base normativa e complemento \u00e0s potenciais cl\u00e1usulas estipuladas por clientes ao prestar os servi\u00e7os, dentro da conformidade prevista por lei em todos os artigos que o preveem. Pelo documento emprega-se o termo Cliente e\/ou Utilizador para designar a atribui\u00e7\u00e3o da propriedade dos dados pessoais.<\/p>\n<p style=\"text-align: justify;\">Ao fornecer os seus dados, consente e declara:<\/p>\n<ul style=\"text-align: justify;\">\n<li>Ter 18 anos<\/li>\n<li>Aceitar a recolha, tratamento e processamento dos dados pessoais nos termos enunciados na \u00edntegra do documento.<\/li>\n<\/ul>\n<p style=\"text-align: justify;\"><b>1) Identifica\u00e7\u00e3o da entidade respons\u00e1vel<\/b><\/p>\n<p style=\"text-align: justify;\">juliomoto.com dedica-se ao com\u00e9rcio de motas usadas e novas, sendo concession\u00e1rio das marcas de motas Daelim, Hyosung, LML e Hanway. A empresa tamb\u00e9m se dedica \u00e0 venda de motosserras Husqvarna, com sede em: Rua da Liberdade n\u00ba25, Netos 3090-448 Ferreira-a-nova.<\/p>\n<p style=\"text-align: justify;\">Contacto de email:\u00a0juliomoto@sapo.pt<\/p>\n<p style=\"text-align: justify;\"><b>2) Propriedade Intelectual<\/b><\/p>\n<p style=\"text-align: justify;\">Toda a informa\u00e7\u00e3o e conte\u00fado presente no nosso website: texto, imagens de qualquer natureza e v\u00eddeos s\u00e3o propriedade de\u00a0<b>juliomoto.com<\/b>, exceto quando o conte\u00fado em quest\u00e3o tiver a expressa indica\u00e7\u00e3o de que a propriedade intelectual pertence a uma entidade terceira.<\/p>\n<p style=\"text-align: justify;\"><b>3) O prop\u00f3sito da recolha de dados pessoais:<\/b><\/p>\n<ul style=\"text-align: justify;\">\n<li>Informar os clientes\/utilizadores, que se submetem ao preenchimento de um formul\u00e1rio, sobre novos servi\u00e7os ou outras informa\u00e7\u00f5es consideradas relevantes.<\/li>\n<li>Processamento estat\u00edstico das informa\u00e7\u00f5es de forma a criar solu\u00e7\u00f5es de melhoria por parte de\u00a0<b>juliomoto.com.<\/b><\/li>\n<\/ul>\n<p style=\"text-align: justify;\"><b>4) Dados Recolhidos<\/b><\/p>\n<p style=\"text-align: justify;\"><b>juliomoto.com <\/b>recolhe o nome e email, atrav\u00e9s de um formul\u00e1rio, com os intuitos acima mencionados, no ponto 3). Sendo que existe a possibilidade constante de solicitar o cancelamento da inscri\u00e7\u00e3o e\/ou remo\u00e7\u00e3o de toda a informa\u00e7\u00e3o retida, salvo a necess\u00e1ria para fins legais e\/ou de seguran\u00e7a.<\/p>\n<p style=\"text-align: justify;\"><b>5) Direito de acesso e direito de retifica\u00e7\u00e3o e portabilidade dos seus dados pessoais<\/b><\/p>\n<ul style=\"text-align: justify;\">\n<li>O titular dos dados tem direito de acesso, de retifica\u00e7\u00e3o, de portabilidade e de elimina\u00e7\u00e3o, a qualquer momento, dos seus dados pessoais.<\/li>\n<li>O titular dos dados pode exercer qualquer um destes direitos por escrito, atrav\u00e9s do seguinte email: juliomoto@sapo.pt, ou por carta, enviada para o nosso escrit\u00f3rio situado na Rua da Liberdade n\u00ba25, Netos 3090-448 Ferreira-a-nova.<\/li>\n<\/ul>\n<p style=\"text-align: justify;\"><b>6) Utiliza\u00e7\u00e3o de dados fora de Portugal<\/b><\/p>\n<p style=\"text-align: justify;\"><b>juliomoto.com <\/b>n\u00e3o disponibiliza os seus dados a entidades terceiras nem fora do pa\u00eds, a \u00fanica inst\u00e2ncia em que os seus dados podem ficar alojados em espa\u00e7o internacional \u00e9 quando est\u00e3o a ser processados por algum servi\u00e7o externo, tipo a google ou os servi\u00e7os de newsletter, sendo que ser\u00e3o sempre utilizados os servi\u00e7os mais seguros e cred\u00edveis.<\/p>\n<p style=\"text-align: justify;\"><b>7) Links para sites externos (hiperliga\u00e7\u00f5es)<\/b><\/p>\n<p style=\"text-align: justify;\">O site da entidade\u00a0<b>juliomoto.com <\/b>cont\u00e9m links para outros sites, os quais n\u00e3o s\u00e3o da responsabilidade de\u00a0<b>juliomoto.com<\/b>, sendo que o utilizador, ter\u00e1 que se responsabilizar sempre pela navega\u00e7\u00e3o que faz e fazer por saber quais as pol\u00edticas usadas nos devidos sites que poder\u00e1 ser encaminhado.<\/p>\n<p style=\"text-align: justify;\"><b>8) Seguran\u00e7a e encripta\u00e7\u00e3o de dados<\/b><\/p>\n<p style=\"text-align: justify;\">Sempre que seja recolhida ou utilizada informa\u00e7\u00e3o sens\u00edvel, os dados ser\u00e3o encriptados atrav\u00e9s de SSL (Security Sockets Layer).<\/p>\n<p style=\"text-align: justify;\">Gra\u00e7as ao protocolo SSL, que protege a transmiss\u00e3o de todos os dados sens\u00edveis pela Internet, toda a informa\u00e7\u00e3o \u00e9 tratada com o m\u00e1ximo de seguran\u00e7a. A sua privacidade \u00e9 assegurada e o risco de interce\u00e7\u00e3o de dados durante a comunica\u00e7\u00e3o \u00e9 completamente anulado.<\/p>\n<p style=\"text-align: justify;\">Se tiver alguma quest\u00e3o a colocar sobre a seguran\u00e7a e privacidade que\u00a0<b>juliomoto.com <\/b>lhe garante, entre em contacto para <a href=\"mailto:juliomoto@sapo.pt\">juliomoto@sapo.pt<\/a> ou por correio, para a\u00a0Rua da Liberdade n\u00ba25, Netos 3090-448 Ferreira-a-nova.<\/p>\n<p style=\"text-align: justify;\"><b>9) Acesso ao site<\/b><\/p>\n<p style=\"text-align: justify;\">O acesso e a navega\u00e7\u00e3o no site juliomoto.com \u00e9 gratuita, embora depender do consentimento das normas aqui descritas.<\/p>\n<p style=\"text-align: justify;\">O acesso ao mesmo pode ser interrompido por um tempo determinado como necess\u00e1rio, sem aviso pr\u00e9vio, para serem feitas as altera\u00e7\u00f5es necess\u00e1rias.<\/p>\n<p style=\"text-align: justify;\"><b>10) Considera\u00e7\u00f5es finais<\/b><\/p>\n<p style=\"text-align: justify;\"><b>juliomoto.com <\/b>det\u00e9m o direito de alterar os termos e condi\u00e7\u00f5es e pol\u00edticas de privacidade sem o avisar previamente, por isso \u00e9 aconselhada a consulta das mesmas com frequ\u00eancia.<\/p>\n<p style=\"text-align: justify;\">A navega\u00e7\u00e3o do site pressup\u00f5e o conhecimento destas normas e diretrizes, por isso mantenha-se seguro, informando-se.<\/p>\n<p>[\/et_pb_text][\/et_pb_column][\/et_pb_row][\/et_pb_section]<\/p>\n","protected":false},"excerpt":{"rendered":"<p>Pol\u00edtica de Privacidade e Prote\u00e7\u00e3o de Dados Este documento serve para conter as normas aplicadas ao tratamento e recolha de dados pessoais por juliomoto.com. Serve de base normativa e complemento \u00e0s potenciais cl\u00e1usulas estipuladas por clientes ao prestar os servi\u00e7os, dentro da conformidade prevista por lei em todos os artigos que o preveem. Pelo documento [&hellip;]<\/p>\n","protected":false},"author":1,"featured_media":0,"parent":0,"menu_order":0,"comment_status":"closed","ping_status":"closed","template":"","meta":{"_et_pb_use_builder":"on","_et_pb_old_content":"","_et_gb_content_width":""},"_links":{"self":[{"href":"https:\/\/www.juliomoto.com\/site\/index.php?rest_route=\/wp\/v2\/pages\/196"}],"collection":[{"href":"https:\/\/www.juliomoto.com\/site\/index.php?rest_route=\/wp\/v2\/pages"}],"about":[{"href":"https:\/\/www.juliomoto.com\/site\/index.php?rest_route=\/wp\/v2\/types\/page"}],"author":[{"embeddable":true,"href":"https:\/\/www.juliomoto.com\/site\/index.php?rest_route=\/wp\/v2\/users\/1"}],"replies":[{"embeddable":true,"href":"https:\/\/www.juliomoto.com\/site\/index.php?rest_route=%2Fwp%2Fv2%2Fcomments&post=196"}],"version-history":[{"count":5,"href":"https:\/\/www.juliomoto.com\/site\/index.php?rest_route=\/wp\/v2\/pages\/196\/revisions"}],"predecessor-version":[{"id":457,"href":"https:\/\/www.juliomoto.com\/site\/index.php?rest_route=\/wp\/v2\/pages\/196\/revisions\/457"}],"wp:attachment":[{"href":"https:\/\/www.juliomoto.com\/site\/index.php?rest_route=%2Fwp%2Fv2%2Fmedia&parent=196"}],"curies":[{"name":"wp","href":"https:\/\/api.w.org\/{rel}","templated":true}]}}